{"id":44,"date":"2019-02-18T00:01:30","date_gmt":"2019-02-17T23:01:30","guid":{"rendered":"http:\/\/francaisdumonde-losangeles.org\/?page_id=44"},"modified":"2019-02-17T17:49:13","modified_gmt":"2019-02-18T01:49:13","slug":"la-bouquinerie-solidaire","status":"publish","type":"page","link":"https:\/\/francaisdumonde-losangeles.org\/index.php\/la-bouquinerie-solidaire\/","title":{"rendered":"La Bouquinerie Solidaire"},"content":{"rendered":"\n<figure class=\"wp-block-image\"><img loading=\"lazy\" decoding=\"async\" width=\"654\" height=\"500\" src=\"https:\/\/francaisdumonde-losangeles.org\/wp-content\/uploads\/2019\/02\/BS_panneau.png\" alt=\"\" class=\"wp-image-7\" srcset=\"https:\/\/francaisdumonde-losangeles.org\/wp-content\/uploads\/2019\/02\/BS_panneau.png 654w, https:\/\/francaisdumonde-losangeles.org\/wp-content\/uploads\/2019\/02\/BS_panneau-300x229.png 300w\" sizes=\"auto, (max-width: 654px) 100vw, 654px\" \/><\/figure>\n\n\n\n<p>La Bouquinerie Solidaire, c&#8217;est une stand de livres d&#8217;occasion en fran\u00e7ais et \u00e0 tout petit prix, s&#8217;installant r\u00e9guli\u00e8rement dans diff\u00e9rents endroits de Los Angeles. <\/p>\n\n\n\n<h3 class=\"wp-block-heading\" id=\"mce_0\">La Bouquinerie Solidaire, qu\u2019est-ce que c\u2019est&nbsp;?<\/h3>\n\n\n\n<p>Les livres en fran\u00e7ais sont parfois difficiles \u00e0 trouver \u00e0 Los Angeles. Le but de la Bouquinerie Solidaire est de faire circuler les livres en fran\u00e7ais au sein de la communaut\u00e9 francophone ou francophile, en r\u00e9cup\u00e9rant les livres dont vous souhaitez vous s\u00e9parer et en les proposant \u00e0 la vente \u00e0 un prix r\u00e9duit et unique ($3 par livre). <strong>Toutes les recettes des ventes seront revers\u00e9es \u00e0 des associations de solidarit\u00e9.<\/strong> La Bouquinerie Solidaire s\u2019installera r\u00e9guli\u00e8rement, plusieurs fois par an, \u00e0 divers endroits de Los Angeles, afin de vous proposer un stock de livres r\u00e9guli\u00e8rement renouvel\u00e9.<\/p>\n\n\n\n<h3 class=\"wp-block-heading\" id=\"mce_2\">Comment nous aider ?<\/h3>\n\n\n\n<ul class=\"wp-block-list\"><li>En venant d\u00e9poser les livres dont vous souhaitez vous s\u00e9parer sur le stand,<\/li><li>En nous contactant pour que nous venions r\u00e9cup\u00e9rer des livres directement chez vous,<\/li><li>En venant nous relayer pour tenir le stand de la Bouquinerie, selon vos disponibilit\u00e9s, pour quelques heures ou quelques minutes,<\/li><li>Ou tout simplement, en achetant des livres !<\/li><\/ul>\n\n\n\n<p>Pour nous contacter : <a href=\"http:\/\/localhost:8888\/wordpress\/contact\/\">section.fdm.la@gmail.com<\/a><\/p>\n","protected":false},"excerpt":{"rendered":"<p>La Bouquinerie Solidaire, c&#8217;est une stand de livres d&#8217;occasion en fran\u00e7ais et \u00e0 tout petit prix, s&#8217;installant r\u00e9guli\u00e8rement dans diff\u00e9rents endroits de Los Angeles. N&#8217;h\u00e9sitez pas \u00e0 nous contacter pour en savoir plus !<\/p>\n","protected":false},"author":1,"featured_media":7,"parent":0,"menu_order":0,"comment_status":"closed","ping_status":"closed","template":"","meta":{"footnotes":""},"class_list":["post-44","page","type-page","status-publish","has-post-thumbnail","hentry"],"_links":{"self":[{"href":"https:\/\/francaisdumonde-losangeles.org\/index.php\/wp-json\/wp\/v2\/pages\/44","targetHints":{"allow":["GET"]}}],"collection":[{"href":"https:\/\/francaisdumonde-losangeles.org\/index.php\/wp-json\/wp\/v2\/pages"}],"about":[{"href":"https:\/\/francaisdumonde-losangeles.org\/index.php\/wp-json\/wp\/v2\/types\/page"}],"author":[{"embeddable":true,"href":"https:\/\/francaisdumonde-losangeles.org\/index.php\/wp-json\/wp\/v2\/users\/1"}],"replies":[{"embeddable":true,"href":"https:\/\/francaisdumonde-losangeles.org\/index.php\/wp-json\/wp\/v2\/comments?post=44"}],"version-history":[{"count":3,"href":"https:\/\/francaisdumonde-losangeles.org\/index.php\/wp-json\/wp\/v2\/pages\/44\/revisions"}],"predecessor-version":[{"id":100,"href":"https:\/\/francaisdumonde-losangeles.org\/index.php\/wp-json\/wp\/v2\/pages\/44\/revisions\/100"}],"wp:featuredmedia":[{"embeddable":true,"href":"https:\/\/francaisdumonde-losangeles.org\/index.php\/wp-json\/wp\/v2\/media\/7"}],"wp:attachment":[{"href":"https:\/\/francaisdumonde-losangeles.org\/index.php\/wp-json\/wp\/v2\/media?parent=44"}],"curies":[{"name":"wp","href":"https:\/\/api.w.org\/{rel}","templated":true}]}}