{"id":46,"date":"2019-02-18T00:04:02","date_gmt":"2019-02-17T23:04:02","guid":{"rendered":"http:\/\/francaisdumonde-losangeles.org\/?page_id=46"},"modified":"2019-02-17T17:49:29","modified_gmt":"2019-02-18T01:49:29","slug":"la-participation-aux-instances-consulaires","status":"publish","type":"page","link":"https:\/\/francaisdumonde-losangeles.org\/index.php\/la-participation-aux-instances-consulaires\/","title":{"rendered":"La participation aux instances consulaires"},"content":{"rendered":"\n<figure class=\"wp-block-image\"><img loading=\"lazy\" decoding=\"async\" width=\"654\" height=\"500\" src=\"https:\/\/francaisdumonde-losangeles.org\/wp-content\/uploads\/2019\/02\/Consulaires.png\" alt=\"\" class=\"wp-image-9\" srcset=\"https:\/\/francaisdumonde-losangeles.org\/wp-content\/uploads\/2019\/02\/Consulaires.png 654w, https:\/\/francaisdumonde-losangeles.org\/wp-content\/uploads\/2019\/02\/Consulaires-300x229.png 300w\" sizes=\"auto, (max-width: 654px) 100vw, 654px\" \/><\/figure>\n\n\n\n<p>L&#8217;association Fran\u00e7ais du Monde d\u00e9fend les int\u00e9r\u00eats des Fran\u00e7ais r\u00e9sidant hors de France et apporte soutien et conseil aux Fran\u00e7ais d\u00e9sireux de s\u2019expatrier.<\/p>\n\n\n\n<p>Elle intervient \u00e0 travers :<\/p>\n\n\n\n<ul class=\"wp-block-list\"><li>une pr\u00e9sence dans plus d\u2019une centaine de pays,<\/li><li>des conseillers consulaires \u00e9lus dans la plupart des pays,<\/li><li>une repr\u00e9sentation au sein des diff\u00e9rentes commissions :<\/li><li>des administrateurs \u00e9lus \u00e0 la Caisse des Fran\u00e7ais de l\u2019\u00e9tranger (CFE),<\/li><li>une vice-pr\u00e9sidence \u00e0 France Horizon (ancien Comit\u00e9 d\u2019Entraide aux Fran\u00e7ais rapatri\u00e9s),<\/li><li>un repr\u00e9sentant \u00e0 la Commission Nationale des Bourses (A.E.F.E.)<\/li><li>un repr\u00e9sentant \u00e0 la Commission Permanente pour la Protection Sociale des Fran\u00e7ais de l\u2019\u00e9tranger (commission nationale)<\/li><li>un repr\u00e9sentant \u00e0 la Commission Permanente pour l\u2019Emploi et la Formation Professionnelle des Fran\u00e7ais de l\u2019\u00e9tranger (commission nationale).<\/li><li>des conseillers \u00e9lus \u00e0 l\u2019Assembl\u00e9e des Fran\u00e7ais de l\u2019\u00e9tranger (AFE),<\/li><li>des parlementaires repr\u00e9sentant les Fran\u00e7ais \u00e9tablis hors de France.<\/li><\/ul>\n\n\n\n<p>A c\u00f4t\u00e9 de cette mission de repr\u00e9sentation et de soutien de nos compatriotes, Fran\u00e7ais du monde est notamment engag\u00e9e sur les grandes questions de l\u2019\u00e9ducation \u00e0 l\u2019\u00e9tranger, de la coop\u00e9ration culturelle et de l\u2019aide au d\u00e9veloppement, des droits humains, et de l\u2019\u00e9volution climatique et de l\u2019environnement.<\/p>\n","protected":false},"excerpt":{"rendered":"<p>L&#8217;association Fran\u00e7ais du Monde d\u00e9fend les int\u00e9r\u00eats des Fran\u00e7ais r\u00e9sidant hors de France et apporte soutien et conseil aux Fran\u00e7ais d\u00e9sireux de s\u2019expatrier.<\/p>\n","protected":false},"author":1,"featured_media":9,"parent":0,"menu_order":0,"comment_status":"closed","ping_status":"closed","template":"","meta":{"footnotes":""},"class_list":["post-46","page","type-page","status-publish","has-post-thumbnail","hentry"],"_links":{"self":[{"href":"https:\/\/francaisdumonde-losangeles.org\/index.php\/wp-json\/wp\/v2\/pages\/46","targetHints":{"allow":["GET"]}}],"collection":[{"href":"https:\/\/francaisdumonde-losangeles.org\/index.php\/wp-json\/wp\/v2\/pages"}],"about":[{"href":"https:\/\/francaisdumonde-losangeles.org\/index.php\/wp-json\/wp\/v2\/types\/page"}],"author":[{"embeddable":true,"href":"https:\/\/francaisdumonde-losangeles.org\/index.php\/wp-json\/wp\/v2\/users\/1"}],"replies":[{"embeddable":true,"href":"https:\/\/francaisdumonde-losangeles.org\/index.php\/wp-json\/wp\/v2\/comments?post=46"}],"version-history":[{"count":3,"href":"https:\/\/francaisdumonde-losangeles.org\/index.php\/wp-json\/wp\/v2\/pages\/46\/revisions"}],"predecessor-version":[{"id":99,"href":"https:\/\/francaisdumonde-losangeles.org\/index.php\/wp-json\/wp\/v2\/pages\/46\/revisions\/99"}],"wp:featuredmedia":[{"embeddable":true,"href":"https:\/\/francaisdumonde-losangeles.org\/index.php\/wp-json\/wp\/v2\/media\/9"}],"wp:attachment":[{"href":"https:\/\/francaisdumonde-losangeles.org\/index.php\/wp-json\/wp\/v2\/media?parent=46"}],"curies":[{"name":"wp","href":"https:\/\/api.w.org\/{rel}","templated":true}]}}