{"id":48,"date":"2019-02-18T00:05:58","date_gmt":"2019-02-17T23:05:58","guid":{"rendered":"http:\/\/francaisdumonde-losangeles.org\/?page_id=48"},"modified":"2019-02-17T17:49:43","modified_gmt":"2019-02-18T01:49:43","slug":"les-conferences","status":"publish","type":"page","link":"https:\/\/francaisdumonde-losangeles.org\/index.php\/les-conferences\/","title":{"rendered":"Les conf\u00e9rences"},"content":{"rendered":"\n<figure class=\"wp-block-image\"><img loading=\"lazy\" decoding=\"async\" width=\"654\" height=\"500\" src=\"https:\/\/francaisdumonde-losangeles.org\/wp-content\/uploads\/2019\/02\/Conference.png\" alt=\"\" class=\"wp-image-8\" srcset=\"https:\/\/francaisdumonde-losangeles.org\/wp-content\/uploads\/2019\/02\/Conference.png 654w, https:\/\/francaisdumonde-losangeles.org\/wp-content\/uploads\/2019\/02\/Conference-300x229.png 300w\" sizes=\"auto, (max-width: 654px) 100vw, 654px\" \/><\/figure>\n\n\n\n<p>Fran\u00e7ais du Monde Los Angeles organise r\u00e9guli\u00e8rement des conf\u00e9rences, rencontres et tables rondes autour de th\u00e9matiques permettant de croiser les pr\u00e9occupations des Fran\u00e7ais r\u00e9sidant \u00e0 l&#8217;\u00e9tranger et les probl\u00e9matiques de leur pays d&#8217;accueil (\u00e9ducation, histoire, politique, \u00e9conomie, litt\u00e9rature, cin\u00e9ma&#8230;). Certaines de ces conf\u00e9rences sont organis\u00e9es en partenariats avec d&#8217;autres associations ou organismes de Los Angeles.<\/p>\n\n\n\n<p>Les derni\u00e8res conf\u00e9rences organis\u00e9es ont par exemple permis de d\u00e9couvrir en profondeur le syst\u00e8me politique am\u00e9ricain \u00e0 l&#8217;heure des midterms ou d&#8217;\u00e9couter le t\u00e9moignage de Monique Seigal-Escudero, enfant cach\u00e9e de la Shoah.<br><\/p>\n","protected":false},"excerpt":{"rendered":"<p>Fran\u00e7ais du Monde Los Angeles organise r\u00e9guli\u00e8rement des conf\u00e9rences, rencontres et tables rondes autour de th\u00e9matiques permettant de croiser les pr\u00e9occupations des Fran\u00e7ais r\u00e9sidant \u00e0 l\u2019\u00e9tranger et les probl\u00e9matiques de leur pays d\u2019accueil.<\/p>\n","protected":false},"author":1,"featured_media":8,"parent":0,"menu_order":0,"comment_status":"closed","ping_status":"closed","template":"","meta":{"footnotes":""},"class_list":["post-48","page","type-page","status-publish","has-post-thumbnail","hentry"],"_links":{"self":[{"href":"https:\/\/francaisdumonde-losangeles.org\/index.php\/wp-json\/wp\/v2\/pages\/48","targetHints":{"allow":["GET"]}}],"collection":[{"href":"https:\/\/francaisdumonde-losangeles.org\/index.php\/wp-json\/wp\/v2\/pages"}],"about":[{"href":"https:\/\/francaisdumonde-losangeles.org\/index.php\/wp-json\/wp\/v2\/types\/page"}],"author":[{"embeddable":true,"href":"https:\/\/francaisdumonde-losangeles.org\/index.php\/wp-json\/wp\/v2\/users\/1"}],"replies":[{"embeddable":true,"href":"https:\/\/francaisdumonde-losangeles.org\/index.php\/wp-json\/wp\/v2\/comments?post=48"}],"version-history":[{"count":2,"href":"https:\/\/francaisdumonde-losangeles.org\/index.php\/wp-json\/wp\/v2\/pages\/48\/revisions"}],"predecessor-version":[{"id":75,"href":"https:\/\/francaisdumonde-losangeles.org\/index.php\/wp-json\/wp\/v2\/pages\/48\/revisions\/75"}],"wp:featuredmedia":[{"embeddable":true,"href":"https:\/\/francaisdumonde-losangeles.org\/index.php\/wp-json\/wp\/v2\/media\/8"}],"wp:attachment":[{"href":"https:\/\/francaisdumonde-losangeles.org\/index.php\/wp-json\/wp\/v2\/media?parent=48"}],"curies":[{"name":"wp","href":"https:\/\/api.w.org\/{rel}","templated":true}]}}